{"id":9,"date":"2020-03-28T14:00:25","date_gmt":"2020-03-28T14:00:25","guid":{"rendered":"http:\/\/russian-nobility.de\/?page_id=9"},"modified":"2020-04-06T19:51:53","modified_gmt":"2020-04-06T19:51:53","slug":"ueber-uns","status":"publish","type":"page","link":"http:\/\/russian-nobility.de\/?page_id=9","title":{"rendered":"\u00dcber uns"},"content":{"rendered":"\n<p>Die Russische Adelsvereinigung ist hierarchisch strukturiert und wird vom Rat geleitet <\/p>\n\n\n\n<p>Die Vereinigung umfasst folgende Mitglieder:<\/p>\n\n\n\n<p>1.) Nachkommen der russischen Emigranten, die vor dem 15. M\u00e4rz 1917 dem russischen Adel gem\u00e4\u00df den in Band IX des Gesetzbuches des Russischen Reiches festgelegten Regeln angeh\u00f6rten und deren Nachkommen,<\/p>\n\n\n\n<p>2.) Personen, die nach 1917 von den nachforgenden Oberh\u00e4uptern des russischen Kaiserhauses geadelt wurden.<\/p>\n\n\n\n<p>3.) Personen welche die Werte der Vereinigung unterst\u00fctzen.<\/p>\n\n\n\n<figure class=\"wp-block-image\"><img loading=\"lazy\" width=\"893\" height=\"1024\" src=\"http:\/\/russian-nobility.de\/wp-content\/uploads\/2020\/04\/Screenshot_20200406-214222_Chrome-1-893x1024.jpg\" alt=\"\" class=\"wp-image-109\" srcset=\"http:\/\/russian-nobility.de\/wp-content\/uploads\/2020\/04\/Screenshot_20200406-214222_Chrome-1-893x1024.jpg 893w, http:\/\/russian-nobility.de\/wp-content\/uploads\/2020\/04\/Screenshot_20200406-214222_Chrome-1-262x300.jpg 262w, http:\/\/russian-nobility.de\/wp-content\/uploads\/2020\/04\/Screenshot_20200406-214222_Chrome-1-768x881.jpg 768w, http:\/\/russian-nobility.de\/wp-content\/uploads\/2020\/04\/Screenshot_20200406-214222_Chrome-1.jpg 1044w\" sizes=\"(max-width: 767px) 89vw, (max-width: 1000px) 54vw, (max-width: 1071px) 543px, 580px\" \/><\/figure>\n\n\n\n<p>I.K.H. <strong>Katharina II. (die Gro\u00dfe) <\/strong>, Kaiserin von Russland, 1729-1796<\/p>\n","protected":false},"excerpt":{"rendered":"<p>Die Russische Adelsvereinigung ist hierarchisch strukturiert und wird vom Rat geleitet Die Vereinigung umfasst folgende Mitglieder: 1.) Nachkommen der russischen Emigranten, die vor dem 15. M\u00e4rz 1917 dem russischen Adel gem\u00e4\u00df den in Band IX des Gesetzbuches des Russischen Reiches festgelegten Regeln angeh\u00f6rten und deren Nachkommen, 2.) Personen, die nach 1917 von den nachforgenden Oberh\u00e4uptern &hellip; <\/p>\n<p class=\"link-more\"><a href=\"http:\/\/russian-nobility.de\/?page_id=9\" class=\"more-link\"><span class=\"screen-reader-text\">\u201e\u00dcber uns\u201c<\/span> weiterlesen<\/a><\/p>\n","protected":false},"author":1,"featured_media":0,"parent":0,"menu_order":0,"comment_status":"closed","ping_status":"closed","template":"","meta":[],"_links":{"self":[{"href":"http:\/\/russian-nobility.de\/index.php?rest_route=\/wp\/v2\/pages\/9"}],"collection":[{"href":"http:\/\/russian-nobility.de\/index.php?rest_route=\/wp\/v2\/pages"}],"about":[{"href":"http:\/\/russian-nobility.de\/index.php?rest_route=\/wp\/v2\/types\/page"}],"author":[{"embeddable":true,"href":"http:\/\/russian-nobility.de\/index.php?rest_route=\/wp\/v2\/users\/1"}],"replies":[{"embeddable":true,"href":"http:\/\/russian-nobility.de\/index.php?rest_route=%2Fwp%2Fv2%2Fcomments&post=9"}],"version-history":[{"count":7,"href":"http:\/\/russian-nobility.de\/index.php?rest_route=\/wp\/v2\/pages\/9\/revisions"}],"predecessor-version":[{"id":112,"href":"http:\/\/russian-nobility.de\/index.php?rest_route=\/wp\/v2\/pages\/9\/revisions\/112"}],"wp:attachment":[{"href":"http:\/\/russian-nobility.de\/index.php?rest_route=%2Fwp%2Fv2%2Fmedia&parent=9"}],"curies":[{"name":"wp","href":"https:\/\/api.w.org\/{rel}","templated":true}]}}