{"id":32,"date":"2020-03-28T14:24:14","date_gmt":"2020-03-28T14:24:14","guid":{"rendered":"http:\/\/russian-nobility.de\/?page_id=32"},"modified":"2021-03-10T17:17:07","modified_gmt":"2021-03-10T17:17:07","slug":"dynastische-orden","status":"publish","type":"page","link":"http:\/\/russian-nobility.de\/?page_id=32","title":{"rendered":"Dynastische Orden"},"content":{"rendered":"\n<h1>Dynastische Orden des Russischen Kaiserhauses <\/h1>\n\n\n\n<h1>&#8211; Romanov <\/h1>\n\n\n\n<figure class=\"wp-block-image\"><img src=\"http:\/\/www.ordenskreuz.com\/images\/anna\/470px-Lesser_Coat_of_Arms_of_Russian_Empire.jpg\" alt=\"\"\/><\/figure>\n\n\n\n<p>Heute werden die folgenden Orden  als Hausorden des Hauses Romanow durch das Oberhaupt der Familie, die Grossf\u00fcrstin Maria Wladimirowna verliehen:<\/p>\n\n\n\n<h1>Orden des Hl. Andreas<\/h1>\n\n\n\n<figure class=\"wp-block-image\"><img src=\"http:\/\/www.ordenskreuz.com\/images\/anna\/andrey2.jpg\" alt=\"\"\/><\/figure>\n\n\n\n<p>\u00a9 heroldmaster kiev <\/p>\n\n\n\n<h1>Orden des Hl. F\u00fcrst Wladimir <\/h1>\n\n\n\n<p>Der Orden wurde am 22. September resp. 3. Oktober 1782 anl\u00e4sslich des 20-j\u00e4hrigen Regierungsjubil\u00e4ums der Zaritza Katharina II. als Verdienstauszeichnung f\u00fcr alle St\u00e4nde in urspr\u00fcnglich vier Klassen gestiftet. Die zwei h\u00f6heren Klassen werden Gro\u00dfkreuz 1. und 2. Klasse genannt und haben au\u00dfer dem Ordenszeichen auch einen Bruststern, die zwei niedrigeren Klassen hie\u00dfen Komtur und Ritter. Der Orden sollte an Ruriks Urenkel Wladimir I. erinnern, den Gro\u00dff\u00fcrsten der Heiligen Kiewer Rus, der das Christentum in Russland einf\u00fchrte. <\/p>\n\n\n\n<figure class=\"wp-block-table\"><table><tbody><tr><td><img loading=\"lazy\" width=\"410\" height=\"410\" class=\"wp-image-38\" style=\"width: 150px;\" src=\"http:\/\/russian-nobility.de\/wp-content\/uploads\/2020\/03\/vladimir.jpg\" alt=\"\" srcset=\"http:\/\/russian-nobility.de\/wp-content\/uploads\/2020\/03\/vladimir.jpg 410w, http:\/\/russian-nobility.de\/wp-content\/uploads\/2020\/03\/vladimir-150x150.jpg 150w, http:\/\/russian-nobility.de\/wp-content\/uploads\/2020\/03\/vladimir-300x300.jpg 300w, http:\/\/russian-nobility.de\/wp-content\/uploads\/2020\/03\/vladimir-100x100.jpg 100w\" sizes=\"(max-width: 410px) 100vw, 410px\" \/><\/td><td><img loading=\"lazy\" width=\"410\" height=\"410\" class=\"wp-image-37\" style=\"width: 150px;\" src=\"http:\/\/russian-nobility.de\/wp-content\/uploads\/2020\/03\/Hals2.jpg\" alt=\"\" srcset=\"http:\/\/russian-nobility.de\/wp-content\/uploads\/2020\/03\/Hals2.jpg 410w, http:\/\/russian-nobility.de\/wp-content\/uploads\/2020\/03\/Hals2-150x150.jpg 150w, http:\/\/russian-nobility.de\/wp-content\/uploads\/2020\/03\/Hals2-300x300.jpg 300w, http:\/\/russian-nobility.de\/wp-content\/uploads\/2020\/03\/Hals2-100x100.jpg 100w\" sizes=\"(max-width: 410px) 100vw, 410px\" \/><\/td><td><img loading=\"lazy\" width=\"410\" height=\"410\" class=\"wp-image-36\" style=\"width: 150px;\" src=\"http:\/\/russian-nobility.de\/wp-content\/uploads\/2020\/03\/Stern2.jpg\" alt=\"\" srcset=\"http:\/\/russian-nobility.de\/wp-content\/uploads\/2020\/03\/Stern2.jpg 410w, http:\/\/russian-nobility.de\/wp-content\/uploads\/2020\/03\/Stern2-150x150.jpg 150w, http:\/\/russian-nobility.de\/wp-content\/uploads\/2020\/03\/Stern2-300x300.jpg 300w, http:\/\/russian-nobility.de\/wp-content\/uploads\/2020\/03\/Stern2-100x100.jpg 100w\" sizes=\"(max-width: 410px) 100vw, 410px\" \/><\/td><\/tr><tr><td><em>Brustkreuz des Ordens 3.Klasse<\/em><\/td><td>Halskreuz des Ordens 2.Klasse <\/td><td>Bruststern zum Grosskreuz 1.Klasse<\/td><\/tr><\/tbody><\/table><\/figure>\n\n\n\n<p>\u00a9 heroldmaster kiev <\/p>\n\n\n\n<h1><br>\n              Orden des Hl. Alexander (Newski)<\/h1>\n\n\n\n<p>\n              Gestiftet wurde der Orden am 21. Mai 1725 von Katharina I., nach dem Tod ihres Gemahls Zar Peter dem Gro\u00dfen.\n              <\/p>\n\n\n\n<h1><br>\n              Orden des weissen Adlers <\/h1>\n\n\n\n<p>Der Orden vom Wei\u00dfen Adler wurde 1705 von dem in Bedr\u00e4ngnis geratenen K\u00f6nig August dem Starken nach dem Vorbild des Schwarzen Adlerordens gegr\u00fcndet und im Jahre 1831 von Kaiser Nikolaus I. dem russischen Ordenssystem einverleibt (russ. \u041e\u0440\u0434\u0435\u043d\u044a \u0411\u0435\u043b\u043e\u0433\u043e \u043e\u0440\u043b\u0430\/Orden Belogo orla)<\/p>\n\n\n\n<h1><strong> Orden der Hl. Anna<\/strong><\/h1>\n\n\n\n<p>\u041e\u0440\u0434\u0435\u043d \u0421\u0432\u044f\u0442\u043e\u0439 \u0410\u043d\u043d\u044b<\/p>\n\n\n\n<figure class=\"wp-block-table\"><table><tbody><tr><td><img loading=\"lazy\" width=\"274\" height=\"515\" class=\"wp-image-40\" style=\"width: 150px;\" src=\"http:\/\/russian-nobility.de\/wp-content\/uploads\/2020\/03\/medalja-sv-ane-1.png\" alt=\"\" srcset=\"http:\/\/russian-nobility.de\/wp-content\/uploads\/2020\/03\/medalja-sv-ane-1.png 274w, http:\/\/russian-nobility.de\/wp-content\/uploads\/2020\/03\/medalja-sv-ane-1-160x300.png 160w\" sizes=\"(max-width: 274px) 100vw, 274px\" \/><\/td><td><img loading=\"lazy\" width=\"410\" height=\"410\" class=\"wp-image-49\" style=\"width: 150px;\" src=\"http:\/\/russian-nobility.de\/wp-content\/uploads\/2020\/03\/Brust2.jpg\" alt=\"\" srcset=\"http:\/\/russian-nobility.de\/wp-content\/uploads\/2020\/03\/Brust2.jpg 410w, http:\/\/russian-nobility.de\/wp-content\/uploads\/2020\/03\/Brust2-150x150.jpg 150w, http:\/\/russian-nobility.de\/wp-content\/uploads\/2020\/03\/Brust2-300x300.jpg 300w, http:\/\/russian-nobility.de\/wp-content\/uploads\/2020\/03\/Brust2-100x100.jpg 100w\" sizes=\"(max-width: 410px) 100vw, 410px\" \/><\/td><td><img loading=\"lazy\" width=\"410\" height=\"410\" class=\"wp-image-48\" style=\"width: 150px;\" src=\"http:\/\/russian-nobility.de\/wp-content\/uploads\/2020\/03\/Anna2.jpg\" alt=\"\" srcset=\"http:\/\/russian-nobility.de\/wp-content\/uploads\/2020\/03\/Anna2.jpg 410w, http:\/\/russian-nobility.de\/wp-content\/uploads\/2020\/03\/Anna2-150x150.jpg 150w, http:\/\/russian-nobility.de\/wp-content\/uploads\/2020\/03\/Anna2-300x300.jpg 300w, http:\/\/russian-nobility.de\/wp-content\/uploads\/2020\/03\/Anna2-100x100.jpg 100w\" sizes=\"(max-width: 410px) 100vw, 410px\" \/><\/td><td><img loading=\"lazy\" width=\"410\" height=\"410\" class=\"wp-image-47\" style=\"width: 150px;\" src=\"http:\/\/russian-nobility.de\/wp-content\/uploads\/2020\/03\/stern4.jpg\" alt=\"\" srcset=\"http:\/\/russian-nobility.de\/wp-content\/uploads\/2020\/03\/stern4.jpg 410w, http:\/\/russian-nobility.de\/wp-content\/uploads\/2020\/03\/stern4-150x150.jpg 150w, http:\/\/russian-nobility.de\/wp-content\/uploads\/2020\/03\/stern4-300x300.jpg 300w, http:\/\/russian-nobility.de\/wp-content\/uploads\/2020\/03\/stern4-100x100.jpg 100w\" sizes=\"(max-width: 410px) 100vw, 410px\" \/><\/td><\/tr><tr><td><em>Medaille des Ordens 4.Klasse<\/em><\/td><td><em>Brustkreuz des Ordens 3.Klasse<\/em><\/td><td>Halskreuz des Ordens 2.Klasse <\/td><td>Bruststern zum Grosskreuz 1.Klasse<\/td><\/tr><\/tbody><\/table><\/figure>\n\n\n\n<p>\u00a9 heroldmaster kiev <\/p>\n\n\n\n<p>Der Orden wurde am 14. Februar 1735 von Herzog Karl Friedrich von Schleswig-Holstein-Gottorp zu Kiel gestiftet. Der Orden war als Andenken an die verstorbene Zaritza Anna gedacht und zu Ehren seiner eigenen Gemahlin Anna Petrowna, Tochter Peter I. gegr\u00fcndet worden. Urspr\u00fcnglich hatte der Orden nur eine Klasse und durfte h\u00f6chstens 15 Mitglieder haben. Die kinderlose Kaiserin Elisabeth I. ernannte 1743 den sp\u00e4teren Peter III., den Sohn des obigen Ehepaares, zum Zarewitsch, so dass der Gro\u00dfmeister des Annaordens nach Russland \u00fcbersiedelte, w\u00e4hrend der Orden schleswig-holsteinisch verblieb. W\u00e4hrend der Regierung Katharina II. hatte der Orden \u00fcberhaupt keine nationale Zugeh\u00f6rigkeit, da Peter III. auf die holsteinische Herzogsw\u00fcrde zugunsten einer anderen Linie des Geschlechts verzichtete, als Hausorden wurde er jedoch von Zarewitsch Paul (Paul I.) in nicht unbedeutenden Mengen verliehen. Im Jahre 1797 wurde dann der Annaorden von Paul I. als dreiklassiger Verdienstorden in das russische System aufgenommen. <\/p>\n\n\n\n<h1>Orden des Hl. Stanislas <\/h1>\n\n\n\n<figure class=\"wp-block-table\"><table><tbody><tr><td><img loading=\"lazy\" width=\"410\" height=\"410\" class=\"wp-image-46\" style=\"width: 150px;\" src=\"http:\/\/russian-nobility.de\/wp-content\/uploads\/2020\/03\/stanislav-3st.jpg\" alt=\"\" srcset=\"http:\/\/russian-nobility.de\/wp-content\/uploads\/2020\/03\/stanislav-3st.jpg 410w, http:\/\/russian-nobility.de\/wp-content\/uploads\/2020\/03\/stanislav-3st-150x150.jpg 150w, http:\/\/russian-nobility.de\/wp-content\/uploads\/2020\/03\/stanislav-3st-300x300.jpg 300w, http:\/\/russian-nobility.de\/wp-content\/uploads\/2020\/03\/stanislav-3st-100x100.jpg 100w\" sizes=\"(max-width: 410px) 100vw, 410px\" \/><\/td><td><img loading=\"lazy\" width=\"410\" height=\"410\" class=\"wp-image-45\" style=\"width: 150px;\" src=\"http:\/\/russian-nobility.de\/wp-content\/uploads\/2020\/03\/stanislav-2st.jpg\" alt=\"\" srcset=\"http:\/\/russian-nobility.de\/wp-content\/uploads\/2020\/03\/stanislav-2st.jpg 410w, http:\/\/russian-nobility.de\/wp-content\/uploads\/2020\/03\/stanislav-2st-150x150.jpg 150w, http:\/\/russian-nobility.de\/wp-content\/uploads\/2020\/03\/stanislav-2st-300x300.jpg 300w, http:\/\/russian-nobility.de\/wp-content\/uploads\/2020\/03\/stanislav-2st-100x100.jpg 100w\" sizes=\"(max-width: 410px) 100vw, 410px\" \/><\/td><td>                     <img loading=\"lazy\" width=\"410\" height=\"410\" class=\"wp-image-44\" style=\"width: 150px;\" src=\"http:\/\/russian-nobility.de\/wp-content\/uploads\/2020\/03\/Stern5.jpg\" alt=\"\" srcset=\"http:\/\/russian-nobility.de\/wp-content\/uploads\/2020\/03\/Stern5.jpg 410w, http:\/\/russian-nobility.de\/wp-content\/uploads\/2020\/03\/Stern5-150x150.jpg 150w, http:\/\/russian-nobility.de\/wp-content\/uploads\/2020\/03\/Stern5-300x300.jpg 300w, http:\/\/russian-nobility.de\/wp-content\/uploads\/2020\/03\/Stern5-100x100.jpg 100w\" sizes=\"(max-width: 410px) 100vw, 410px\" \/><\/td><\/tr><tr><td><em>Brustkreuz des Ordens 3.Klasse<\/em><\/td><td>Halskreuz des Ordens 2.Klasse <\/td><td>Bruststern zum Grosskreuz 1.Klasse<\/td><\/tr><\/tbody><\/table><\/figure>\n\n\n\n<p>\u00a9 heroldmaster kiev <\/p>\n\n\n\n<p>Der russische Kaiser Alexander I. erneuerte 1815 als K\u00f6nig von Polen den Orden und teilte ihn in vier Klassen. Zar Nikolaus I. verleibte ihn 1831 den russischen Orden ein und beschr\u00e4nkte ihn 1839 auf drei Klassen (die zweite mit zwei Unterabteilungen mit und ohne Krone). Die zweite Klasse (Halsdekoration mit Bruststern) durfte nur an Ausl\u00e4nder verliehen werden. Ab 1855 gab es auch eine Milit\u00e4rabteilung mit Schwertern (s\u00e4mtliche russische Orden mit Ausnahme des Georgsordens (Russischer Orden des Heiligen Georg) erhielten Schwerter als zus\u00e4tzliche Dekoration). Dabei gab es zwei Varianten: Schwerter am Ring und Schwerter zwischen den Armen des Kreuzes. Schwerter am Ring bedeuteten, dass man die Milit\u00e4rdekoration zu einem niedrigeren Grade erworben und zum h\u00f6heren Grade \u00fcberf\u00fchren durfte. Ab etwa 1860 wurden die Kreuze und Sterne der 1. und der 2. Klasse auch mit Brillanten vergeben. Ab 1857 versah man die 3. und 4. Klasse des St-Annen-, St.-Stanislaus- und des Orden des Heiligen Wladimir und mit Schwertern mit einer Schleife (russisch lenta s bantom) am Ordensband. Der Stanislaus-Orden kommt heute im Rang nach dem Sankt-Annen-Orden (Russischer Orden der Heiligen Anna), als allerletzter im russischen System. <\/p>\n\n\n\n<p><strong>Die Hierarchie der Orden:<\/strong><br>\nOrden des St. Stanislas 3. Klasse<br>\nOrden der St. Anne 3. Klasse. <br>\nOrden des St. Stanislas 2. Klasse <br>\nOrden der St. Anne 2. Klasse <br>\nOrden des St. Wladimir 4. Klasse <br>\nOrden des St. Wladimir 3. Klasse <br>\nOrden des St. Stanislas 1. Klasse <br>\nOrden der St. Anne 1. Klasse <br>\nOrden des St. Wladimir 2. Klasse <br>\nOrden des weissen Adlers<br>\nOrden des Hl. Alexander (Newski)<br>\nOrden des St. Wladimir 1. Klasse <br>\nOrden des St. Andreas<\/p>\n\n\n\n<h1>Orden des Hl. Nicolaus<\/h1>\n\n\n\n<figure class=\"wp-block-table\"><table><tbody><tr><td><img loading=\"lazy\" width=\"410\" height=\"410\" class=\"wp-image-43\" style=\"width: 150px;\" src=\"http:\/\/russian-nobility.de\/wp-content\/uploads\/2020\/03\/Wladimir.jpg\" alt=\"\" srcset=\"http:\/\/russian-nobility.de\/wp-content\/uploads\/2020\/03\/Wladimir.jpg 410w, http:\/\/russian-nobility.de\/wp-content\/uploads\/2020\/03\/Wladimir-150x150.jpg 150w, http:\/\/russian-nobility.de\/wp-content\/uploads\/2020\/03\/Wladimir-300x300.jpg 300w, http:\/\/russian-nobility.de\/wp-content\/uploads\/2020\/03\/Wladimir-100x100.jpg 100w\" sizes=\"(max-width: 410px) 100vw, 410px\" \/><\/td><td><img loading=\"lazy\" width=\"410\" height=\"410\" class=\"wp-image-42\" style=\"width: 150px;\" src=\"http:\/\/russian-nobility.de\/wp-content\/uploads\/2020\/03\/Bild.jpg\" alt=\"\" srcset=\"http:\/\/russian-nobility.de\/wp-content\/uploads\/2020\/03\/Bild.jpg 410w, http:\/\/russian-nobility.de\/wp-content\/uploads\/2020\/03\/Bild-150x150.jpg 150w, http:\/\/russian-nobility.de\/wp-content\/uploads\/2020\/03\/Bild-300x300.jpg 300w, http:\/\/russian-nobility.de\/wp-content\/uploads\/2020\/03\/Bild-100x100.jpg 100w\" sizes=\"(max-width: 410px) 100vw, 410px\" \/><\/td><td>                     <img loading=\"lazy\" width=\"410\" height=\"410\" class=\"wp-image-41\" style=\"width: 150px;\" src=\"http:\/\/russian-nobility.de\/wp-content\/uploads\/2020\/03\/Stern.jpg\" alt=\"\" srcset=\"http:\/\/russian-nobility.de\/wp-content\/uploads\/2020\/03\/Stern.jpg 410w, http:\/\/russian-nobility.de\/wp-content\/uploads\/2020\/03\/Stern-150x150.jpg 150w, http:\/\/russian-nobility.de\/wp-content\/uploads\/2020\/03\/Stern-300x300.jpg 300w, http:\/\/russian-nobility.de\/wp-content\/uploads\/2020\/03\/Stern-100x100.jpg 100w\" sizes=\"(max-width: 410px) 100vw, 410px\" \/><\/td><\/tr><tr><td><em>Brustkreuz des Ordens 3.Klasse<\/em><\/td><td>Halskreuz des Ordens 2.Klasse <\/td><td>Bruststern zum Grosskreuz 1.Klasse<\/td><\/tr><\/tbody><\/table><\/figure>\n\n\n\n<p>\u00a9 heroldmaster kiev <\/p>\n\n\n\n<h1>Orden der Hl. Anastasia <\/h1>\n\n\n\n<div class=\"wp-block-file\"><a href=\"http:\/\/www.ordenskreuz.com\/images\/anna\/sv-anastasiya.jpg\" class=\"wp-block-file__button\" download><\/a><\/div>\n\n\n\n<p><img loading=\"lazy\" width=\"400\" height=\"299\" class=\"wp-image-158\" style=\"width: 150px;\" src=\"http:\/\/russian-nobility.de\/wp-content\/uploads\/2021\/03\/Imperial-Order-Of-St-Anastasia-Imperial-House-Of.jpg\" alt=\"\" srcset=\"http:\/\/russian-nobility.de\/wp-content\/uploads\/2021\/03\/Imperial-Order-Of-St-Anastasia-Imperial-House-Of.jpg 400w, http:\/\/russian-nobility.de\/wp-content\/uploads\/2021\/03\/Imperial-Order-Of-St-Anastasia-Imperial-House-Of-300x224.jpg 300w\" sizes=\"(max-width: 400px) 100vw, 400px\" \/><\/p>\n","protected":false},"excerpt":{"rendered":"<p>Dynastische Orden des Russischen Kaiserhauses &#8211; Romanov Heute werden die folgenden Orden als Hausorden des Hauses Romanow durch das Oberhaupt der Familie, die Grossf\u00fcrstin Maria Wladimirowna verliehen: Orden des Hl. Andreas \u00a9 heroldmaster kiev Orden des Hl. F\u00fcrst Wladimir Der Orden wurde am 22. September resp. 3. Oktober 1782 anl\u00e4sslich des 20-j\u00e4hrigen Regierungsjubil\u00e4ums der Zaritza &hellip; <\/p>\n<p class=\"link-more\"><a href=\"http:\/\/russian-nobility.de\/?page_id=32\" class=\"more-link\"><span class=\"screen-reader-text\">\u201eDynastische Orden\u201c<\/span> weiterlesen<\/a><\/p>\n","protected":false},"author":1,"featured_media":0,"parent":0,"menu_order":0,"comment_status":"closed","ping_status":"closed","template":"","meta":[],"_links":{"self":[{"href":"http:\/\/russian-nobility.de\/index.php?rest_route=\/wp\/v2\/pages\/32"}],"collection":[{"href":"http:\/\/russian-nobility.de\/index.php?rest_route=\/wp\/v2\/pages"}],"about":[{"href":"http:\/\/russian-nobility.de\/index.php?rest_route=\/wp\/v2\/types\/page"}],"author":[{"embeddable":true,"href":"http:\/\/russian-nobility.de\/index.php?rest_route=\/wp\/v2\/users\/1"}],"replies":[{"embeddable":true,"href":"http:\/\/russian-nobility.de\/index.php?rest_route=%2Fwp%2Fv2%2Fcomments&post=32"}],"version-history":[{"count":4,"href":"http:\/\/russian-nobility.de\/index.php?rest_route=\/wp\/v2\/pages\/32\/revisions"}],"predecessor-version":[{"id":159,"href":"http:\/\/russian-nobility.de\/index.php?rest_route=\/wp\/v2\/pages\/32\/revisions\/159"}],"wp:attachment":[{"href":"http:\/\/russian-nobility.de\/index.php?rest_route=%2Fwp%2Fv2%2Fmedia&parent=32"}],"curies":[{"name":"wp","href":"https:\/\/api.w.org\/{rel}","templated":true}]}}